{"id":4128,"date":"2023-06-02T15:01:41","date_gmt":"2023-06-02T13:01:41","guid":{"rendered":"https:\/\/wp-plugin.onoffice.com\/?page_id=4128"},"modified":"2024-03-20T14:26:30","modified_gmt":"2024-03-20T13:26:30","slug":"configuracion","status":"publish","type":"page","link":"https:\/\/wp-plugin.onoffice.com\/es\/primeros-pasos\/configuracion\/","title":{"rendered":"Configuraci\u00f3n"},"content":{"rendered":"\n<h2 class=\"wp-block-heading\">Configurar el usuario API<\/h2>\n\n\n\n<p>El plug-in requiere un usuario API para acceder a los datos en onOffice enterprise. Si a\u00fan no dispone de un usuario API, p\u00f3ngase en contacto con su <a href=\"https:\/\/de.onoffice.com\/service-und-support\/support\/\">representante de ventas<\/a> para recibir una oferta sin compromiso.<\/p>\n\n\n\n<p>Genere el token y el secret de la API. Copie el token y el secret para el siguiente paso. Aseg\u00farese de que los permisos del usuario API est\u00e1n configurados correctamente (como se muestra en la imagen siguiente). Encontrar\u00e1 una descripci\u00f3n detallada en la <a href=\"https:\/\/de.enterprisehilfe.onoffice.com\/category\/additional-modules\/api-modul-en\/?lang=en\" target=\"_blank\" rel=\"noreferrer noopener\">documentaci\u00f3n del m\u00f3dulo API <\/a>de onOffice enterprise.<\/p>\n\n\n\n<figure class=\"wp-block-image size-large\"><img loading=\"lazy\" decoding=\"async\" width=\"1030\" height=\"546\" src=\"https:\/\/wp-plugin.onoffice.com\/wp-content\/uploads\/2023\/06\/api-rights-plugin-1-1030x546.jpg\" alt=\"\" class=\"wp-image-4015\" srcset=\"https:\/\/wp-plugin.onoffice.com\/wp-content\/uploads\/2023\/06\/api-rights-plugin-1-1030x546.jpg 1030w, https:\/\/wp-plugin.onoffice.com\/wp-content\/uploads\/2023\/06\/api-rights-plugin-1-300x159.jpg 300w, https:\/\/wp-plugin.onoffice.com\/wp-content\/uploads\/2023\/06\/api-rights-plugin-1-768x407.jpg 768w, https:\/\/wp-plugin.onoffice.com\/wp-content\/uploads\/2023\/06\/api-rights-plugin-1-1536x814.jpg 1536w, https:\/\/wp-plugin.onoffice.com\/wp-content\/uploads\/2023\/06\/api-rights-plugin-1-1500x795.jpg 1500w, https:\/\/wp-plugin.onoffice.com\/wp-content\/uploads\/2023\/06\/api-rights-plugin-1-710x375.jpg 710w, https:\/\/wp-plugin.onoffice.com\/wp-content\/uploads\/2023\/06\/api-rights-plugin-1-705x373.jpg 705w, https:\/\/wp-plugin.onoffice.com\/wp-content\/uploads\/2023\/06\/api-rights-plugin-1.jpg 1680w\" sizes=\"auto, (max-width: 1030px) 100vw, 1030px\" \/><\/figure>\n\n\n\n<p><\/p>\n\n\n\n<h2 class=\"wp-block-heading\" id=\"install-the-plugin\">Instalaci\u00f3n del plug-in<\/h2>\n\n\n\n<p>Instale el <a href=\"https:\/\/wordpress.org\/plugins\/onoffice-for-wp-websites\/\" target=\"_blank\" rel=\"noreferrer noopener nofollow\">plug-in onOffice para WP-Websites<\/a> en su sitio web y act\u00edvelo.<\/p>\n\n\n\n<p>Ver\u00e1 una advertencia sobre la falta de credenciales. Vaya a <strong><em>onOffice &gt; Configuraci\u00f3n<\/em><\/strong> e introduzca el token API y el secret. Si el plug-in se conecta correctamente a onOffice enterprise, la advertencia desaparecer\u00e1.<\/p>\n\n\n\n<p>Siguiente paso: <a href=\"https:\/\/wp-plugin.onoffice.com\/es\/primeros-pasos\/listas-de-inmuebles\/\">Listas de inmuebles<\/a><\/p>\n\n\n\n<div style=\"height:40px\" aria-hidden=\"true\" class=\"wp-block-spacer\"><\/div>\n\n\n    <div class=\"togglecontainer enable_toggles faq\" itemscope=\"itemscope\" itemtype=\"https:\/\/schema.org\/FAQPage\">\n\n        \n            <section class=\"av_toggle_section\" itemscope=\"itemscope\" itemprop=\"mainEntity\" itemtype=\"https:\/\/schema.org\/Question\">\n                <div role=\"tablist\" class=\"single_toggle\">\n                    <h2 data-title=\"Mensaje en el plugin: los datos API no son correctos\" data-fake-id=\"#toggle-id-1744762299-1\" class=\"toggler\" itemprop=\"name\" role=\"tab\" tabindex=\"0\" aria-controls=\"toggle-id-1744762299-1\">\n                        Mensaje en el plugin: los datos API no son correctos                        <span class=\"toggle_icon\">\n                            <span class=\"vert_icon\"><\/span>\n                            <span class=\"hor_icon\"><\/span>\n                        <\/span>\n                    <\/h2>\n                    <div id=\"toggle-id-1744762299-1\" class=\"toggle_wrap\" itemscope=\"itemscope\" itemprop=\"acceptedAnswer\" itemtype=\"https:\/\/schema.org\/Answer\">\n                        <div class=\"toggle_content\" itemprop=\"text\">\n                            <p><span data-sheets-value=\"{\"1\":2,\"2\":\"API Daten neu generieren, in onOffice speichern und API Daten in Plugin \u00fcbertragen\"}\" data-sheets-userformat=\"{\"2\":4993,\"3\":{\"1\":0},\"10\":0,\"11\":4,\"12\":0,\"15\":\"Roboto Mono\"}\">Regenere los datos API, gu\u00e1rdelos en onOffice y transfiera los datos API al plugin.<\/span><\/p>\n                                                    <\/div>\n                    <\/div>\n                <\/div>\n            <\/section>\n                    \n            <section class=\"av_toggle_section\" itemscope=\"itemscope\" itemprop=\"mainEntity\" itemtype=\"https:\/\/schema.org\/Question\">\n                <div role=\"tablist\" class=\"single_toggle\">\n                    <h2 data-title=\"Houzez Real Estate Theme\" data-fake-id=\"#toggle-id-1744762299-2\" class=\"toggler\" itemprop=\"name\" role=\"tab\" tabindex=\"0\" aria-controls=\"toggle-id-1744762299-2\">\n                        Houzez Real Estate Theme                        <span class=\"toggle_icon\">\n                            <span class=\"vert_icon\"><\/span>\n                            <span class=\"hor_icon\"><\/span>\n                        <\/span>\n                    <\/h2>\n                    <div id=\"toggle-id-1744762299-2\" class=\"toggle_wrap\" itemscope=\"itemscope\" itemprop=\"acceptedAnswer\" itemtype=\"https:\/\/schema.org\/Answer\">\n                        <div class=\"toggle_content\" itemprop=\"text\">\n                            <ul>\n<li>No apoyamos el tema inmobiliario Houzez<\/li>\n<li>Lamentablemente, el tema Houzez no funciona con el plugin onOffice para WP-Websites.<\/li>\n<li>Si desea utilizar el Tema Houzez, necesita una interfaz API personalizada<\/li>\n<\/ul>\n                                                            <h3>Related links<\/h3>\n                                <ul>\n                                                                                                                        <li><a href=\"https:\/\/apidoc.onoffice.de\/\">onOffice API documentation<\/a><\/li>\n                                                                                                            <\/ul>\n                                                    <\/div>\n                    <\/div>\n                <\/div>\n            <\/section>\n                    \n            <section class=\"av_toggle_section\" itemscope=\"itemscope\" itemprop=\"mainEntity\" itemtype=\"https:\/\/schema.org\/Question\">\n                <div role=\"tablist\" class=\"single_toggle\">\n                    <h2 data-title=\"\u00bfEl plugin onOffice es compatible con Polylang?\" data-fake-id=\"#toggle-id-1744762299-3\" class=\"toggler\" itemprop=\"name\" role=\"tab\" tabindex=\"0\" aria-controls=\"toggle-id-1744762299-3\">\n                        \u00bfEl plugin onOffice es compatible con Polylang?                        <span class=\"toggle_icon\">\n                            <span class=\"vert_icon\"><\/span>\n                            <span class=\"hor_icon\"><\/span>\n                        <\/span>\n                    <\/h2>\n                    <div id=\"toggle-id-1744762299-3\" class=\"toggle_wrap\" itemscope=\"itemscope\" itemprop=\"acceptedAnswer\" itemtype=\"https:\/\/schema.org\/Answer\">\n                        <div class=\"toggle_content\" itemprop=\"text\">\n                            <p>Desafortunadamente, el complemento Polylang Translation no es compatible con el complemento onOffice para WP Websites. Recomendamos usar WPML. Para obtener m\u00e1s informaci\u00f3n sobre WPML, consulte la documentaci\u00f3n del proveedor.<\/p>\n                                                            <h3>Related links<\/h3>\n                                <ul>\n                                                                                                                        <li><a href=\"https:\/\/wpml.org\/de\/\">Zu WPML<\/a><\/li>\n                                                                                                            <\/ul>\n                                                    <\/div>\n                    <\/div>\n                <\/div>\n            <\/section>\n                        <\/div>\n","protected":false},"excerpt":{"rendered":"<p>Configurar el usuario API El plug-in requiere un usuario API para acceder a los datos en onOffice enterprise. Si a\u00fan no dispone de un usuario API, p\u00f3ngase en contacto con su representante de ventas para recibir una oferta sin compromiso. Genere el token y el secret de la API. Copie el token y el secret [&hellip;]<\/p>\n","protected":false},"author":4,"featured_media":0,"parent":4106,"menu_order":10,"comment_status":"closed","ping_status":"closed","template":"acf_templates.php","meta":{"_acf_changed":false,"footnotes":""},"class_list":["post-4128","page","type-page","status-publish","hentry"],"acf":[],"yoast_head":"<!-- This site is optimized with the Yoast SEO plugin v27.3 - https:\/\/yoast.com\/product\/yoast-seo-wordpress\/ -->\n<title>Configuraci\u00f3n - onOffice WP-Plugin<\/title>\n<meta name=\"robots\" content=\"noindex, follow, max-snippet:-1, max-image-preview:large, max-video-preview:-1\" \/>\n<meta property=\"og:locale\" content=\"es_ES\" \/>\n<meta property=\"og:type\" content=\"article\" \/>\n<meta property=\"og:title\" content=\"Configuraci\u00f3n - onOffice WP-Plugin\" \/>\n<meta property=\"og:description\" content=\"Configurar el usuario API El plug-in requiere un usuario API para acceder a los datos en onOffice enterprise. Si a\u00fan no dispone de un usuario API, p\u00f3ngase en contacto con su representante de ventas para recibir una oferta sin compromiso. Genere el token y el secret de la API. Copie el token y el secret [&hellip;]\" \/>\n<meta property=\"og:url\" content=\"https:\/\/wp-plugin.onoffice.com\/es\/primeros-pasos\/configuracion\/\" \/>\n<meta property=\"og:site_name\" content=\"onOffice WP-Plugin\" \/>\n<meta property=\"article:publisher\" content=\"https:\/\/www.facebook.com\/onOffice.Software\/\" \/>\n<meta property=\"article:modified_time\" content=\"2024-03-20T13:26:30+00:00\" \/>\n<meta property=\"og:image\" content=\"https:\/\/wp-plugin.onoffice.com\/wp-content\/uploads\/2023\/06\/api-rights-plugin-1-1030x546.jpg\" \/>\n<meta name=\"twitter:card\" content=\"summary_large_image\" \/>\n<meta name=\"twitter:site\" content=\"@onOffice\" \/>\n<script type=\"application\/ld+json\" class=\"yoast-schema-graph\">{\"@context\":\"https:\\\/\\\/schema.org\",\"@graph\":[{\"@type\":\"WebPage\",\"@id\":\"https:\\\/\\\/wp-plugin.onoffice.com\\\/es\\\/primeros-pasos\\\/configuracion\\\/\",\"url\":\"https:\\\/\\\/wp-plugin.onoffice.com\\\/es\\\/primeros-pasos\\\/configuracion\\\/\",\"name\":\"Configuraci\u00f3n - onOffice WP-Plugin\",\"isPartOf\":{\"@id\":\"https:\\\/\\\/wp-plugin.onoffice.com\\\/en\\\/#website\"},\"primaryImageOfPage\":{\"@id\":\"https:\\\/\\\/wp-plugin.onoffice.com\\\/es\\\/primeros-pasos\\\/configuracion\\\/#primaryimage\"},\"image\":{\"@id\":\"https:\\\/\\\/wp-plugin.onoffice.com\\\/es\\\/primeros-pasos\\\/configuracion\\\/#primaryimage\"},\"thumbnailUrl\":\"https:\\\/\\\/wp-plugin.onoffice.com\\\/wp-content\\\/uploads\\\/2023\\\/06\\\/api-rights-plugin-1-1030x546.jpg\",\"datePublished\":\"2023-06-02T13:01:41+00:00\",\"dateModified\":\"2024-03-20T13:26:30+00:00\",\"breadcrumb\":{\"@id\":\"https:\\\/\\\/wp-plugin.onoffice.com\\\/es\\\/primeros-pasos\\\/configuracion\\\/#breadcrumb\"},\"inLanguage\":\"es\",\"potentialAction\":[{\"@type\":\"ReadAction\",\"target\":[\"https:\\\/\\\/wp-plugin.onoffice.com\\\/es\\\/primeros-pasos\\\/configuracion\\\/\"]}]},{\"@type\":\"ImageObject\",\"inLanguage\":\"es\",\"@id\":\"https:\\\/\\\/wp-plugin.onoffice.com\\\/es\\\/primeros-pasos\\\/configuracion\\\/#primaryimage\",\"url\":\"https:\\\/\\\/wp-plugin.onoffice.com\\\/wp-content\\\/uploads\\\/2023\\\/06\\\/api-rights-plugin-1-1030x546.jpg\",\"contentUrl\":\"https:\\\/\\\/wp-plugin.onoffice.com\\\/wp-content\\\/uploads\\\/2023\\\/06\\\/api-rights-plugin-1-1030x546.jpg\"},{\"@type\":\"BreadcrumbList\",\"@id\":\"https:\\\/\\\/wp-plugin.onoffice.com\\\/es\\\/primeros-pasos\\\/configuracion\\\/#breadcrumb\",\"itemListElement\":[{\"@type\":\"ListItem\",\"position\":1,\"name\":\"Start\",\"item\":\"https:\\\/\\\/wp-plugin.onoffice.com\\\/es\\\/onoffice-wp-plugin\\\/\"},{\"@type\":\"ListItem\",\"position\":2,\"name\":\"Primeros pasos\",\"item\":\"https:\\\/\\\/wp-plugin.onoffice.com\\\/es\\\/primeros-pasos\\\/\"},{\"@type\":\"ListItem\",\"position\":3,\"name\":\"Configuraci\u00f3n\"}]},{\"@type\":\"WebSite\",\"@id\":\"https:\\\/\\\/wp-plugin.onoffice.com\\\/en\\\/#website\",\"url\":\"https:\\\/\\\/wp-plugin.onoffice.com\\\/en\\\/\",\"name\":\"onOffice WP-Plugin\",\"description\":\"Onlinehilfe\",\"publisher\":{\"@id\":\"https:\\\/\\\/wp-plugin.onoffice.com\\\/en\\\/#organization\"},\"potentialAction\":[{\"@type\":\"SearchAction\",\"target\":{\"@type\":\"EntryPoint\",\"urlTemplate\":\"https:\\\/\\\/wp-plugin.onoffice.com\\\/en\\\/?s={search_term_string}\"},\"query-input\":{\"@type\":\"PropertyValueSpecification\",\"valueRequired\":true,\"valueName\":\"search_term_string\"}}],\"inLanguage\":\"es\"},{\"@type\":\"Organization\",\"@id\":\"https:\\\/\\\/wp-plugin.onoffice.com\\\/en\\\/#organization\",\"name\":\"onOffice GmbH\",\"url\":\"https:\\\/\\\/wp-plugin.onoffice.com\\\/en\\\/\",\"logo\":{\"@type\":\"ImageObject\",\"inLanguage\":\"es\",\"@id\":\"https:\\\/\\\/wp-plugin.onoffice.com\\\/en\\\/#\\\/schema\\\/logo\\\/image\\\/\",\"url\":\"https:\\\/\\\/wp-plugin.onoffice.com\\\/wp-content\\\/uploads\\\/2019\\\/09\\\/onOffice-Logo.png\",\"contentUrl\":\"https:\\\/\\\/wp-plugin.onoffice.com\\\/wp-content\\\/uploads\\\/2019\\\/09\\\/onOffice-Logo.png\",\"width\":209,\"height\":72,\"caption\":\"onOffice GmbH\"},\"image\":{\"@id\":\"https:\\\/\\\/wp-plugin.onoffice.com\\\/en\\\/#\\\/schema\\\/logo\\\/image\\\/\"},\"sameAs\":[\"https:\\\/\\\/www.facebook.com\\\/onOffice.Software\\\/\",\"https:\\\/\\\/x.com\\\/onOffice\",\"https:\\\/\\\/www.instagram.com\\\/onoffice_software\\\/\",\"https:\\\/\\\/www.linkedin.com\\\/company\\\/onoffice-software-gmbh\\\/\",\"https:\\\/\\\/www.youtube.com\\\/user\\\/onOfficeSoftware\\\/\"]}]}<\/script>\n<!-- \/ Yoast SEO plugin. -->","yoast_head_json":{"title":"Configuraci\u00f3n - onOffice WP-Plugin","robots":{"index":"noindex","follow":"follow","max-snippet":"max-snippet:-1","max-image-preview":"max-image-preview:large","max-video-preview":"max-video-preview:-1"},"og_locale":"es_ES","og_type":"article","og_title":"Configuraci\u00f3n - onOffice WP-Plugin","og_description":"Configurar el usuario API El plug-in requiere un usuario API para acceder a los datos en onOffice enterprise. Si a\u00fan no dispone de un usuario API, p\u00f3ngase en contacto con su representante de ventas para recibir una oferta sin compromiso. Genere el token y el secret de la API. Copie el token y el secret [&hellip;]","og_url":"https:\/\/wp-plugin.onoffice.com\/es\/primeros-pasos\/configuracion\/","og_site_name":"onOffice WP-Plugin","article_publisher":"https:\/\/www.facebook.com\/onOffice.Software\/","article_modified_time":"2024-03-20T13:26:30+00:00","og_image":[{"url":"https:\/\/wp-plugin.onoffice.com\/wp-content\/uploads\/2023\/06\/api-rights-plugin-1-1030x546.jpg","type":"","width":"","height":""}],"twitter_card":"summary_large_image","twitter_site":"@onOffice","schema":{"@context":"https:\/\/schema.org","@graph":[{"@type":"WebPage","@id":"https:\/\/wp-plugin.onoffice.com\/es\/primeros-pasos\/configuracion\/","url":"https:\/\/wp-plugin.onoffice.com\/es\/primeros-pasos\/configuracion\/","name":"Configuraci\u00f3n - onOffice WP-Plugin","isPartOf":{"@id":"https:\/\/wp-plugin.onoffice.com\/en\/#website"},"primaryImageOfPage":{"@id":"https:\/\/wp-plugin.onoffice.com\/es\/primeros-pasos\/configuracion\/#primaryimage"},"image":{"@id":"https:\/\/wp-plugin.onoffice.com\/es\/primeros-pasos\/configuracion\/#primaryimage"},"thumbnailUrl":"https:\/\/wp-plugin.onoffice.com\/wp-content\/uploads\/2023\/06\/api-rights-plugin-1-1030x546.jpg","datePublished":"2023-06-02T13:01:41+00:00","dateModified":"2024-03-20T13:26:30+00:00","breadcrumb":{"@id":"https:\/\/wp-plugin.onoffice.com\/es\/primeros-pasos\/configuracion\/#breadcrumb"},"inLanguage":"es","potentialAction":[{"@type":"ReadAction","target":["https:\/\/wp-plugin.onoffice.com\/es\/primeros-pasos\/configuracion\/"]}]},{"@type":"ImageObject","inLanguage":"es","@id":"https:\/\/wp-plugin.onoffice.com\/es\/primeros-pasos\/configuracion\/#primaryimage","url":"https:\/\/wp-plugin.onoffice.com\/wp-content\/uploads\/2023\/06\/api-rights-plugin-1-1030x546.jpg","contentUrl":"https:\/\/wp-plugin.onoffice.com\/wp-content\/uploads\/2023\/06\/api-rights-plugin-1-1030x546.jpg"},{"@type":"BreadcrumbList","@id":"https:\/\/wp-plugin.onoffice.com\/es\/primeros-pasos\/configuracion\/#breadcrumb","itemListElement":[{"@type":"ListItem","position":1,"name":"Start","item":"https:\/\/wp-plugin.onoffice.com\/es\/onoffice-wp-plugin\/"},{"@type":"ListItem","position":2,"name":"Primeros pasos","item":"https:\/\/wp-plugin.onoffice.com\/es\/primeros-pasos\/"},{"@type":"ListItem","position":3,"name":"Configuraci\u00f3n"}]},{"@type":"WebSite","@id":"https:\/\/wp-plugin.onoffice.com\/en\/#website","url":"https:\/\/wp-plugin.onoffice.com\/en\/","name":"onOffice WP-Plugin","description":"Onlinehilfe","publisher":{"@id":"https:\/\/wp-plugin.onoffice.com\/en\/#organization"},"potentialAction":[{"@type":"SearchAction","target":{"@type":"EntryPoint","urlTemplate":"https:\/\/wp-plugin.onoffice.com\/en\/?s={search_term_string}"},"query-input":{"@type":"PropertyValueSpecification","valueRequired":true,"valueName":"search_term_string"}}],"inLanguage":"es"},{"@type":"Organization","@id":"https:\/\/wp-plugin.onoffice.com\/en\/#organization","name":"onOffice GmbH","url":"https:\/\/wp-plugin.onoffice.com\/en\/","logo":{"@type":"ImageObject","inLanguage":"es","@id":"https:\/\/wp-plugin.onoffice.com\/en\/#\/schema\/logo\/image\/","url":"https:\/\/wp-plugin.onoffice.com\/wp-content\/uploads\/2019\/09\/onOffice-Logo.png","contentUrl":"https:\/\/wp-plugin.onoffice.com\/wp-content\/uploads\/2019\/09\/onOffice-Logo.png","width":209,"height":72,"caption":"onOffice GmbH"},"image":{"@id":"https:\/\/wp-plugin.onoffice.com\/en\/#\/schema\/logo\/image\/"},"sameAs":["https:\/\/www.facebook.com\/onOffice.Software\/","https:\/\/x.com\/onOffice","https:\/\/www.instagram.com\/onoffice_software\/","https:\/\/www.linkedin.com\/company\/onoffice-software-gmbh\/","https:\/\/www.youtube.com\/user\/onOfficeSoftware\/"]}]}},"_links":{"self":[{"href":"https:\/\/wp-plugin.onoffice.com\/es\/wp-json\/wp\/v2\/pages\/4128","targetHints":{"allow":["GET"]}}],"collection":[{"href":"https:\/\/wp-plugin.onoffice.com\/es\/wp-json\/wp\/v2\/pages"}],"about":[{"href":"https:\/\/wp-plugin.onoffice.com\/es\/wp-json\/wp\/v2\/types\/page"}],"author":[{"embeddable":true,"href":"https:\/\/wp-plugin.onoffice.com\/es\/wp-json\/wp\/v2\/users\/4"}],"replies":[{"embeddable":true,"href":"https:\/\/wp-plugin.onoffice.com\/es\/wp-json\/wp\/v2\/comments?post=4128"}],"version-history":[{"count":6,"href":"https:\/\/wp-plugin.onoffice.com\/es\/wp-json\/wp\/v2\/pages\/4128\/revisions"}],"predecessor-version":[{"id":5033,"href":"https:\/\/wp-plugin.onoffice.com\/es\/wp-json\/wp\/v2\/pages\/4128\/revisions\/5033"}],"up":[{"embeddable":true,"href":"https:\/\/wp-plugin.onoffice.com\/es\/wp-json\/wp\/v2\/pages\/4106"}],"wp:attachment":[{"href":"https:\/\/wp-plugin.onoffice.com\/es\/wp-json\/wp\/v2\/media?parent=4128"}],"curies":[{"name":"wp","href":"https:\/\/api.w.org\/{rel}","templated":true}]}}